{"id":195,"date":"2022-04-08T10:29:01","date_gmt":"2022-04-08T10:29:01","guid":{"rendered":"https:\/\/david26150.fr\/head\/?page_id=195"},"modified":"2022-11-10T21:50:08","modified_gmt":"2022-11-10T21:50:08","slug":"diaporama","status":"publish","type":"page","link":"https:\/\/david26150.fr\/head\/diaporama\/","title":{"rendered":"Diaporama"},"content":{"rendered":"<p style=\"text-align: center;\"><div class=\"cycloneslider cycloneslider-template-default cycloneslider-width-responsive\" id=\"cycloneslider-diapo1-1\" style=\"max-width:1050px\" > <div class=\"cycloneslider-slides cycle-slideshow\" data-cycle-allow-wrap=\"true\" data-cycle-dynamic-height=\"off\" data-cycle-auto-height=\"1050:851\" data-cycle-auto-height-easing=\"null\" data-cycle-auto-height-speed=\"250\" data-cycle-delay=\"0\" data-cycle-easing=\"\" data-cycle-fx=\"fade\" data-cycle-hide-non-active=\"true\" data-cycle-log=\"false\" data-cycle-next=\"#cycloneslider-diapo1-1 .cycloneslider-next\" data-cycle-pager=\"#cycloneslider-diapo1-1 .cycloneslider-pager\" data-cycle-pause-on-hover=\"false\" data-cycle-prev=\"#cycloneslider-diapo1-1 .cycloneslider-prev\" data-cycle-slides=\"&gt; div\" data-cycle-speed=\"1000\" data-cycle-swipe=\"1\" data-cycle-tile-count=\"7\" data-cycle-tile-delay=\"100\" data-cycle-tile-vertical=\"true\" data-cycle-timeout=\"8000\" > <div class=\"cycloneslider-slide cycloneslider-slide-image\" > <img decoding=\"async\" src=\"https:\/\/david26150.fr\/head\/wp-content\/uploads\/2022\/04\/nuit-1.jpg\" alt=\"\" title=\"\" \/> <\/div> <div class=\"cycloneslider-slide cycloneslider-slide-image\" > <img decoding=\"async\" src=\"https:\/\/david26150.fr\/head\/wp-content\/uploads\/2022\/04\/myrtille-1.jpg\" alt=\"\" title=\"\" \/> <\/div> <div class=\"cycloneslider-slide cycloneslider-slide-image\" > <img decoding=\"async\" src=\"https:\/\/david26150.fr\/head\/wp-content\/uploads\/2022\/04\/baron-1.jpg\" alt=\"\" title=\"\" \/> <\/div> <div class=\"cycloneslider-slide cycloneslider-slide-image\" > <img decoding=\"async\" src=\"https:\/\/david26150.fr\/head\/wp-content\/uploads\/2022\/04\/konzert.jpg\" alt=\"\" title=\"\" \/> <\/div> <div class=\"cycloneslider-slide cycloneslider-slide-image\" > <img decoding=\"async\" src=\"https:\/\/david26150.fr\/head\/wp-content\/uploads\/2022\/04\/kong-1.jpg\" alt=\"\" title=\"\" \/> <\/div> <div class=\"cycloneslider-slide cycloneslider-slide-image\" > <img decoding=\"async\" src=\"https:\/\/david26150.fr\/head\/wp-content\/uploads\/2022\/04\/the-nazi-bar-1.jpg\" alt=\"\" title=\"\" \/> <\/div> <div class=\"cycloneslider-slide cycloneslider-slide-image\" > <img decoding=\"async\" src=\"https:\/\/david26150.fr\/head\/wp-content\/uploads\/2022\/04\/selfie.jpg\" alt=\"\" title=\"\" \/> <\/div> <div class=\"cycloneslider-slide cycloneslider-slide-image\" > <img decoding=\"async\" src=\"https:\/\/david26150.fr\/head\/wp-content\/uploads\/2022\/04\/oeil.jpg\" alt=\"\" title=\"\" \/> <\/div> <div class=\"cycloneslider-slide cycloneslider-slide-image\" > <img decoding=\"async\" src=\"https:\/\/david26150.fr\/head\/wp-content\/uploads\/2022\/04\/hunt.jpg\" alt=\"\" title=\"\" \/> <\/div> <div class=\"cycloneslider-slide cycloneslider-slide-image\" > <img decoding=\"async\" src=\"https:\/\/david26150.fr\/head\/wp-content\/uploads\/2022\/04\/industry-1.jpg\" alt=\"\" title=\"\" \/> <\/div> <div class=\"cycloneslider-slide cycloneslider-slide-image\" > <img decoding=\"async\" src=\"https:\/\/david26150.fr\/head\/wp-content\/uploads\/2022\/04\/always-lost-in-the-sea.jpg\" alt=\"\" title=\"\" \/> <\/div> <div class=\"cycloneslider-slide cycloneslider-slide-image\" > <img decoding=\"async\" src=\"https:\/\/david26150.fr\/head\/wp-content\/uploads\/2022\/04\/sapiens.jpg\" alt=\"\" title=\"\" \/> <\/div> <div class=\"cycloneslider-slide cycloneslider-slide-image\" > <img decoding=\"async\" src=\"https:\/\/david26150.fr\/head\/wp-content\/uploads\/2022\/04\/he-who-comes-to-pick-me-up.jpg\" alt=\"\" title=\"\" \/> <\/div> <div class=\"cycloneslider-slide cycloneslider-slide-image\" > <img decoding=\"async\" src=\"https:\/\/david26150.fr\/head\/wp-content\/uploads\/2022\/04\/winners-and-loosers-1.jpg\" alt=\"\" title=\"\" \/> <\/div> <div class=\"cycloneslider-slide cycloneslider-slide-image\" > <img decoding=\"async\" src=\"https:\/\/david26150.fr\/head\/wp-content\/uploads\/2022\/04\/fish-2.jpg\" alt=\"\" title=\"\" \/> <\/div> <div class=\"cycloneslider-slide cycloneslider-slide-image\" > <img decoding=\"async\" src=\"https:\/\/david26150.fr\/head\/wp-content\/uploads\/2022\/04\/tambouille.jpg\" alt=\"\" title=\"\" \/> <\/div> <div class=\"cycloneslider-slide cycloneslider-slide-image\" > <img decoding=\"async\" src=\"https:\/\/david26150.fr\/head\/wp-content\/uploads\/2022\/04\/nailmachine.jpg\" alt=\"\" title=\"\" \/> <\/div> <div class=\"cycloneslider-slide cycloneslider-slide-image\" > <img decoding=\"async\" src=\"https:\/\/david26150.fr\/head\/wp-content\/uploads\/2022\/04\/pandora-1.jpg\" alt=\"\" title=\"\" \/> <\/div> <div class=\"cycloneslider-slide cycloneslider-slide-image\" > <img decoding=\"async\" src=\"https:\/\/david26150.fr\/head\/wp-content\/uploads\/2022\/04\/death-of-a-business-angel-1.jpg\" alt=\"\" title=\"\" \/> <\/div> <div class=\"cycloneslider-slide cycloneslider-slide-image\" > <img decoding=\"async\" src=\"https:\/\/david26150.fr\/head\/wp-content\/uploads\/2022\/04\/distance-sociale-1.jpg\" alt=\"\" title=\"\" \/> <\/div> <div class=\"cycloneslider-slide cycloneslider-slide-image\" > <img decoding=\"async\" src=\"https:\/\/david26150.fr\/head\/wp-content\/uploads\/2022\/04\/lsd-1.jpg\" alt=\"\" title=\"\" \/> <\/div> <div class=\"cycloneslider-slide cycloneslider-slide-image\" > <img decoding=\"async\" src=\"https:\/\/david26150.fr\/head\/wp-content\/uploads\/2022\/04\/folk-2.jpg\" alt=\"\" title=\"\" \/> <\/div> <div class=\"cycloneslider-slide cycloneslider-slide-image\" > <img decoding=\"async\" src=\"https:\/\/david26150.fr\/head\/wp-content\/uploads\/2022\/04\/does-it-make-sense-1.jpg\" alt=\"\" title=\"\" \/> <\/div> <div class=\"cycloneslider-slide cycloneslider-slide-image\" > <img decoding=\"async\" src=\"https:\/\/david26150.fr\/head\/wp-content\/uploads\/2022\/04\/space-market.jpg\" alt=\"\" title=\"\" \/> <\/div> <div class=\"cycloneslider-slide cycloneslider-slide-image\" > <img decoding=\"async\" src=\"https:\/\/david26150.fr\/head\/wp-content\/uploads\/2022\/04\/save-the-children-1.jpg\" alt=\"\" title=\"\" \/> <\/div> <div class=\"cycloneslider-slide cycloneslider-slide-image\" > <img decoding=\"async\" src=\"https:\/\/david26150.fr\/head\/wp-content\/uploads\/2022\/04\/Im-deranged.jpg\" alt=\"\" title=\"\" \/> <\/div> <div class=\"cycloneslider-slide cycloneslider-slide-image\" > <img decoding=\"async\" src=\"https:\/\/david26150.fr\/head\/wp-content\/uploads\/2022\/04\/raveP-1.jpg\" alt=\"\" title=\"\" \/> <\/div> <div class=\"cycloneslider-slide cycloneslider-slide-image\" > <img decoding=\"async\" src=\"https:\/\/david26150.fr\/head\/wp-content\/uploads\/2022\/04\/red-crofa.jpg\" alt=\"\" title=\"\" \/> <\/div> <div class=\"cycloneslider-slide cycloneslider-slide-image\" > <img decoding=\"async\" src=\"https:\/\/david26150.fr\/head\/wp-content\/uploads\/2022\/04\/chloe-cannondale-2.jpg\" alt=\"\" title=\"\" \/> <\/div> <div class=\"cycloneslider-slide cycloneslider-slide-image\" > <img decoding=\"async\" src=\"https:\/\/david26150.fr\/head\/wp-content\/uploads\/2022\/04\/le-phare-2-1.jpg\" alt=\"\" title=\"\" \/> <\/div> <div class=\"cycloneslider-slide cycloneslider-slide-image\" > <img decoding=\"async\" src=\"https:\/\/david26150.fr\/head\/wp-content\/uploads\/2022\/04\/lezard.jpg\" alt=\"\" title=\"\" \/> <\/div> <div class=\"cycloneslider-slide cycloneslider-slide-image\" > <img decoding=\"async\" src=\"https:\/\/david26150.fr\/head\/wp-content\/uploads\/2022\/04\/wilbur-1.jpg\" alt=\"\" title=\"\" \/> <\/div> <div class=\"cycloneslider-slide cycloneslider-slide-image\" > <img decoding=\"async\" src=\"https:\/\/david26150.fr\/head\/wp-content\/uploads\/2022\/04\/always-lost-in-the-sea.jpg\" alt=\"\" title=\"\" \/> <\/div> <div class=\"cycloneslider-slide cycloneslider-slide-image\" > <img decoding=\"async\" src=\"https:\/\/david26150.fr\/head\/wp-content\/uploads\/2022\/04\/portraitofthe-artist-as-a-young-man.jpg\" alt=\"\" title=\"\" \/> <\/div> <div class=\"cycloneslider-slide cycloneslider-slide-image\" > <img decoding=\"async\" src=\"https:\/\/david26150.fr\/head\/wp-content\/uploads\/2022\/04\/le-proces.jpg\" alt=\"\" title=\"\" \/> <\/div> <div class=\"cycloneslider-slide cycloneslider-slide-image\" > <img decoding=\"async\" src=\"https:\/\/david26150.fr\/head\/wp-content\/uploads\/2022\/04\/kabuki-1.jpg\" alt=\"\" title=\"\" \/> <\/div> <div class=\"cycloneslider-slide cycloneslider-slide-image\" > <img decoding=\"async\" src=\"https:\/\/david26150.fr\/head\/wp-content\/uploads\/2022\/04\/femme-actuelle-1.jpg\" alt=\"\" title=\"\" \/> <\/div> <div class=\"cycloneslider-slide cycloneslider-slide-image\" > <img decoding=\"async\" src=\"https:\/\/david26150.fr\/head\/wp-content\/uploads\/2022\/04\/balancoire.jpg\" alt=\"\" title=\"\" \/> <\/div> <\/div> <a href=\"#\" class=\"cycloneslider-prev\"><\/a> <a href=\"#\" class=\"cycloneslider-next\"><\/a> <\/div><\/p>\n\r\n\r\n\r\n<p class=\"has-text-align-center\" style=\"text-align: center;\">le diaporama est automatique et propose un visionnage al\u00e9atoire de l&rsquo;ensemble des dessins.<br \/>des petites fl\u00e8ches \u00e0 gauche et \u00e0 droite vous propose de faire d\u00e9filer comme vous voulez<\/p>\r\n<p>&nbsp;<\/p>\r\n\r\n\r\n\r\n<p>&nbsp;<\/p>\r\n","protected":false},"excerpt":{"rendered":"<p>le diaporama est automatique et propose un visionnage al\u00e9atoire de l&rsquo;ensemble des dessins.des petites fl\u00e8ches \u00e0 gauche et \u00e0 droite vous propose de faire d\u00e9filer comme vous voulez &nbsp; &nbsp;<\/p>\n","protected":false},"author":1,"featured_media":0,"parent":0,"menu_order":0,"comment_status":"closed","ping_status":"closed","template":"","meta":{"footnotes":""},"class_list":["post-195","page","type-page","status-publish","hentry"],"_links":{"self":[{"href":"https:\/\/david26150.fr\/head\/wp-json\/wp\/v2\/pages\/195","targetHints":{"allow":["GET"]}}],"collection":[{"href":"https:\/\/david26150.fr\/head\/wp-json\/wp\/v2\/pages"}],"about":[{"href":"https:\/\/david26150.fr\/head\/wp-json\/wp\/v2\/types\/page"}],"author":[{"embeddable":true,"href":"https:\/\/david26150.fr\/head\/wp-json\/wp\/v2\/users\/1"}],"replies":[{"embeddable":true,"href":"https:\/\/david26150.fr\/head\/wp-json\/wp\/v2\/comments?post=195"}],"version-history":[{"count":29,"href":"https:\/\/david26150.fr\/head\/wp-json\/wp\/v2\/pages\/195\/revisions"}],"predecessor-version":[{"id":467,"href":"https:\/\/david26150.fr\/head\/wp-json\/wp\/v2\/pages\/195\/revisions\/467"}],"wp:attachment":[{"href":"https:\/\/david26150.fr\/head\/wp-json\/wp\/v2\/media?parent=195"}],"curies":[{"name":"wp","href":"https:\/\/api.w.org\/{rel}","templated":true}]}}